{"id":11,"date":"2015-07-15T15:00:59","date_gmt":"2015-07-15T13:00:59","guid":{"rendered":"http:\/\/ferienhaus-aulendorf.info\/?page_id=11"},"modified":"2016-04-26T10:47:24","modified_gmt":"2016-04-26T08:47:24","slug":"das-haus","status":"publish","type":"page","link":"http:\/\/ferienhaus-aulendorf.info\/index.php\/das-haus\/","title":{"rendered":"Ausstattung"},"content":{"rendered":"<ul>\n<li><strong>Wohnzimmer:<\/strong><\/li>\n<li>Essecke mit Tisch und St\u00fchlen f\u00fcr 8 Pers.<\/li>\n<li>Sofaecke mit Tisch, Sesseln und Hockern<\/li>\n<li>Fernseher und Radio<\/li>\n<li>Leselampen\/ Deckenfluter<\/li>\n<li>Holzkaminofen und Elektroheizung<\/li>\n<\/ul>\n<p><strong>K\u00fcche:<\/strong><\/p>\n<ul>\n<li>Voll ausgestattete K\u00fcche mit allem was man braucht!<\/li>\n<li>Herd, Backofen, Kaffeemaschine, Toaster, Wasserkocher<\/li>\n<li>Teller, Sch\u00fcsseln, T\u00f6pfe, Besteck, Eierbecher, usw.<\/li>\n<\/ul>\n<p><strong>Schlafzimmer:<\/strong><\/p>\n<ul>\n<li>Doppelbett mit Nachttisch und Leselampen<\/li>\n<li>Kinderhochbett im Giebel f\u00fcr bis zu 3 Kinder<\/li>\n<li>Ankleide\/ Sofa\/ St\u00fchle und Tisch\/ Kleiderschrank\u00a0und Kommode<\/li>\n<li>Bettzeug, Schmusedecke, usw.<\/li>\n<\/ul>\n<p><strong>Bad:<\/strong><\/p>\n<ul>\n<li>Dusche, WC<\/li>\n<li>Waschbecken mit Spiegel<\/li>\n<li>WC- Papier, Seife usw.<\/li>\n<li>Hand- und Duscht\u00fccher<\/li>\n<li>F\u00f6hn<\/li>\n<li>Fenster<\/li>\n<\/ul>\n<p><strong>F\u00fcr unsere kleinen G\u00e4ste:<\/strong><\/p>\n<ul>\n<li>Hochstuhl<\/li>\n<li>Outdoor- Buggy<\/li>\n<li>Wickelauflage<\/li>\n<li>Babybadewanne mit St\u00e4nder<\/li>\n<li>Reisebett<\/li>\n<li>WC- Sitz + T\u00f6pfchen<\/li>\n<li>Spielplatz (ab Fr\u00fchjahr 2016)<\/li>\n<li>Spiele, Malzeug usw.<\/li>\n<\/ul>\n<p><strong>Terrasse:<\/strong><\/p>\n<ul>\n<li>Markise\/ Sonnenschirme<\/li>\n<li>Sitzgelegenheiten mit Tischen\/ Polstern (ca.12 Pers.)<\/li>\n<li>Beleuchtung\/ Strom und Radioanschlu\u00df<\/li>\n<\/ul>\n<p><strong>Waschmaschine :<\/strong><\/p>\n<p>.W\u00e4schespinne\u00a0 \/\u00a0\u00a0 W\u00e4scheklammern<\/p>\n<p>&nbsp;<\/p>\n<p><strong>Pool:\u00a0(<\/strong>nur im Sommer) Durchm. 4,5m<\/p>\n<ul>\n<li>Liegen<\/li>\n<li>Sitzgelegenheiten<\/li>\n<li>Luftmatratzen usw.<\/li>\n<\/ul>\n<p><strong>Naturteich :<\/strong><\/p>\n<ul>\n<li>Schirm, Sitzgelegenheiten<\/li>\n<\/ul>\n<p><strong>Ger\u00e4te\/ R\u00e4derhaus:<\/strong><\/p>\n<ul>\n<li>2 Fahrr\u00e4der Erwachsene<\/li>\n<li>2 Fahrrad\u00a0\u00a0\u00a0\u00a0Jugendliche<\/li>\n<li>1 Fahrrad\u00a0\u00a0\u00a0 Kindersitz<\/li>\n<li>Grill<\/li>\n<\/ul>\n<p><strong>Hofladen: (<\/strong>im H\u00e4usle)<\/p>\n<ul>\n<li>Getr\u00e4nke<\/li>\n<li>regionale Produkte<\/li>\n<\/ul>\n<p><strong>Alles Andere was man so braucht:<\/strong><\/p>\n<ul>\n<li>Fragen Sie uns einfach, wir tun was wir k\u00f6nnen !!!<\/li>\n<li>Wanderkarten, Infos, Werkzeug, K\u00f6rbe oder was Sie w\u00fcnschen- wir helfen gerne.<\/li>\n<\/ul>\n<p>&nbsp;<\/p>\n","protected":false},"excerpt":{"rendered":"<p>Wohnzimmer: Essecke mit Tisch und St\u00fchlen f\u00fcr 8 Pers. Sofaecke mit Tisch, Sesseln und Hockern Fernseher und Radio Leselampen\/ Deckenfluter Holzkaminofen und Elektroheizung K\u00fcche: Voll ausgestattete K\u00fcche mit allem was man braucht! Herd, Backofen, Kaffeemaschine, Toaster, Wasserkocher Teller, Sch\u00fcsseln, T\u00f6pfe, Besteck, Eierbecher, usw. Schlafzimmer: Doppelbett mit Nachttisch und Leselampen Kinderhochbett im Giebel f\u00fcr bis zu <a class=\"more-link\" href=\"http:\/\/ferienhaus-aulendorf.info\/index.php\/das-haus\/\">Weiterlesen&#8230;<\/a><\/p>\n","protected":false},"author":1,"featured_media":0,"parent":0,"menu_order":0,"comment_status":"open","ping_status":"open","template":"","meta":[],"_links":{"self":[{"href":"http:\/\/ferienhaus-aulendorf.info\/index.php\/wp-json\/wp\/v2\/pages\/11"}],"collection":[{"href":"http:\/\/ferienhaus-aulendorf.info\/index.php\/wp-json\/wp\/v2\/pages"}],"about":[{"href":"http:\/\/ferienhaus-aulendorf.info\/index.php\/wp-json\/wp\/v2\/types\/page"}],"author":[{"embeddable":true,"href":"http:\/\/ferienhaus-aulendorf.info\/index.php\/wp-json\/wp\/v2\/users\/1"}],"replies":[{"embeddable":true,"href":"http:\/\/ferienhaus-aulendorf.info\/index.php\/wp-json\/wp\/v2\/comments?post=11"}],"version-history":[{"count":24,"href":"http:\/\/ferienhaus-aulendorf.info\/index.php\/wp-json\/wp\/v2\/pages\/11\/revisions"}],"predecessor-version":[{"id":239,"href":"http:\/\/ferienhaus-aulendorf.info\/index.php\/wp-json\/wp\/v2\/pages\/11\/revisions\/239"}],"wp:attachment":[{"href":"http:\/\/ferienhaus-aulendorf.info\/index.php\/wp-json\/wp\/v2\/media?parent=11"}],"curies":[{"name":"wp","href":"https:\/\/api.w.org\/{rel}","templated":true}]}}