{"id":13,"date":"2015-07-15T15:01:24","date_gmt":"2015-07-15T13:01:24","guid":{"rendered":"http:\/\/ferienhaus-aulendorf.info\/?page_id=13"},"modified":"2015-10-09T16:36:50","modified_gmt":"2015-10-09T14:36:50","slug":"kontakt","status":"publish","type":"page","link":"http:\/\/ferienhaus-aulendorf.info\/index.php\/kontakt\/","title":{"rendered":"Anfrage \/ Buchung"},"content":{"rendered":"<p>&nbsp;<\/p>\n<p>Im folgenden Kalender k\u00f6nnen Sie pr\u00fcfen, ob Ihr Wunschtermin noch verf\u00fcgbar ist. Oder Sie rufen uns einfach an unter <strong>07525\/ 8405 oder 0171\/3143548.<\/strong><\/p>\n<div class='wpbc_only_calendar'><div id='calendar_booking_unselectable1'><\/div><span class=\"wpdevelop\"><div style=\"clear:both;height:10px;\"><\/div><div class=\"bk_calendar_frame months_num_in_row_ cal_month_num_2 wpbc_timeslot_day_bg_as_available\" style=\"width:568px;\"><div id=\"calendar_booking1\">Kalender wird geladen...<\/div><\/div><div style=\"font-size:9px;text-align:left;margin-top:3px;\">Powered by <a style=\"font-size:9px;\" href=\"https:\/\/wpbookingcalendar.com\" target=\"_blank\" title=\"Booking Calendar plugin for WordPress\">Booking Calendar<\/a><\/div><textarea id=\"date_booking1\" name=\"date_booking1\" autocomplete=\"off\" style=\"display:none;\"><\/textarea><div class=\"block_hints datepick\"><div class=\"wpdev_hint_with_text\"><div class=\"block_free datepick-days-cell\"><a>03<\/a><\/div><div class=\"block_text\">- Verf\u00fcgbar<\/div><\/div><div class=\"wpdev_hint_with_text\"><div class=\"block_booked date_approved\">03<\/div><div class=\"block_text\">- bereits Gebucht<\/div><\/div><div class=\"wpdev_hint_with_text\"><div class=\"block_pending date2approve\">03<\/div><div class=\"block_text\">- Vorgemerkt<\/div><\/div><\/div><div class=\"wpdev_clear_hint\"><\/div> <script type='text\/javascript'>  jQuery(document).ready( function(){  date_admin_blank[1] = [];  date2approve[1] = [];  var date_approved_par = [];  init_datepick_cal('1', date_approved_par, 2 , 1, false   );  }); <\/script><\/span><\/div>\n<p><strong>Ist Ihr Wunschtermin noch verf\u00fcgbar?<\/strong> Teilen Sie uns diesen einfach<strong> mithilfe des folgenden Kontaktformulars<\/strong> mit und wir werden Ihnen diesen schnellstm\u00f6glich best\u00e4tigen. Gerne k\u00f6nnen Sie uns auch telefonisch erreichen unter <strong>07525\/8405 oder 01713143548\u00a0<\/strong>erreichen.<\/p>\n\n\n<!-- Fast Secure Contact Form plugin 4.0.49 - begin - FastSecureContactForm.com -->\r\n<div style=\"clear:both;\"><\/div>\n<p><\/p>\r\n<div id=\"FSContact1\" style=\"width:99%; max-width:555px;\">\r\n<form action=\"http:\/\/ferienhaus-aulendorf.info\/index.php\/wp-json\/wp\/v2\/pages\/13#FSContact1\" id=\"fscf_form1\" method=\"post\">\r\n\n<div id=\"fscf_required1\">\n  <span style=\"text-align:left;\">*<\/span> <span style=\"text-align:left;\">Bitte alle Felder mit einem * ausf\u00fcllen, Danke!<\/span>\n<\/div>\n\n\n<div id=\"fscf_div_clear1_4\" style=\"clear:both;\">\n  <div id=\"fscf_div_field1_4\" style=\"clear:left; float:left; width:99%; max-width:550px; margin-right:10px;\">\n    <div  id=\"fscf_label1_4\" style=\"text-align:left; padding-top:5px;\">\r\n      <label style=\"text-align:left;\" for=\"fscf_field1_4\">Anreise:<\/label>\n    <\/div>\n    <div style=\"text-align:left;\">\n      <input style=\"text-align:left; margin:0; width:99%; max-width:450px;\" type=\"text\" id=\"fscf_field1_4\" name=\"Anreise\" value=\"\"  \/>\n    <\/div>\n  <\/div>\n<\/div>\n\n<div id=\"fscf_div_clear1_5\" style=\"clear:both;\">\n  <div id=\"fscf_div_field1_5\" style=\"clear:left; float:left; width:99%; max-width:550px; margin-right:10px;\">\n    <div  id=\"fscf_label1_5\" style=\"text-align:left; padding-top:5px;\">\r\n      <label style=\"text-align:left;\" for=\"fscf_field1_5\">Abreise:<\/label>\n    <\/div>\n    <div style=\"text-align:left;\">\n      <input style=\"text-align:left; margin:0; width:99%; max-width:450px;\" type=\"text\" id=\"fscf_field1_5\" name=\"Abreise\" value=\"\"  \/>\n    <\/div>\n  <\/div>\n<\/div>\n\n<div id=\"fscf_div_clear1_0\" style=\"clear:both;\">\n  <div id=\"fscf_div_field1_0\" style=\"clear:left; float:left; width:99%; max-width:550px; margin-right:10px;\">\r\n    <div style=\"text-align:left; padding-top:5px;\">\n      <label style=\"text-align:left;\" for=\"fscf_f_name1\">Vorname:<span style=\"text-align:left;\">*<\/span><\/label>\n    <\/div>\r\n    <div style=\"text-align:left;\">\r\n\t  <input style=\"text-align:left; margin:0; width:99%; max-width:450px;\" type=\"text\" id=\"fscf_f_name1\" name=\"f_name\" value=\"\"  \/>\r\n    <\/div>\r\n    <div style=\"text-align:left; padding-top:5px;\">\n      <label style=\"text-align:left;\" for=\"fscf_l_name1\">Nachname:<span style=\"text-align:left;\">*<\/span><\/label>\n    <\/div>\r\n    <div style=\"text-align:left;\">\r\n\t  <input style=\"text-align:left; margin:0; width:99%; max-width:450px;\" type=\"text\" id=\"fscf_l_name1\" name=\"l_name\" value=\"\"  \/>\r\n    <\/div>\r\n  <\/div>\n<\/div>\n\n<div id=\"fscf_div_clear1_1\" style=\"clear:both;\">\n  <div id=\"fscf_div_field1_1\" style=\"clear:left; float:left; width:99%; max-width:550px; margin-right:10px;\">\n    <div style=\"text-align:left; padding-top:5px;\">\n      <label style=\"text-align:left;\" for=\"fscf_email1\">Email:<span style=\"text-align:left;\">*<\/span><\/label>\n    <\/div>\n    <div style=\"text-align:left;\">\n      <input style=\"text-align:left; margin:0; width:99%; max-width:450px;\" type=\"text\" id=\"fscf_email1\" name=\"email\" value=\"\"  \/>\n    <\/div>\n  <\/div>\n<\/div>\n\n<div id=\"fscf_div_clear1_3\" style=\"clear:both;\">\n  <div id=\"fscf_div_field1_3\" style=\"clear:left; float:left; width:99%; max-width:550px; margin-right:10px;\">\n    <div style=\"text-align:left; padding-top:5px;\">\n      <label style=\"text-align:left;\" for=\"fscf_field1_3\">Nachricht:<\/label>\n    <\/div>\n    <div style=\"text-align:left;\">\n      <textarea style=\"text-align:left; margin:0; width:99%; max-width:450px; height:120px;\" id=\"fscf_field1_3\" name=\"message\" cols=\"30\" rows=\"10\" ><\/textarea>\n    <\/div>\n  <\/div>\n<\/div>\r\n<div style=\"clear:both;\"><\/div>\n\n<div style=\"text-align:left; padding-top:5px;\">\n<\/div>\n<div id=\"fscf_captcha_image_div1\" style=\"width:250px; height:65px; padding-top:2px;\">\n      <img id=\"fscf_captcha_image1\" style=\"border-style:none; margin:0; padding:0px; padding-right:5px; float:left;\" src=\"http:\/\/ferienhaus-aulendorf.info\/wp-content\/plugins\/si-contact-form\/captcha\/securimage_show.php?prefix=ZXuFXHaDOe4bVyT8\" width=\"175\" height=\"60\" alt=\"CAPTCHA\" title=\"CAPTCHA\" \/>\n      <input id=\"fscf_captcha_prefix1\" type=\"hidden\" name=\"fscf_captcha_prefix1\" value=\"ZXuFXHaDOe4bVyT8\" \/>\n     <div id=\"fscf_captcha_refresh1\">\n        <a href=\"#\" rel=\"nofollow\" title=\"Refresh\" onclick=\"fscf_captcha_refresh('1','\/wp-content\/plugins\/si-contact-form\/captcha','http:\/\/ferienhaus-aulendorf.info\/wp-content\/plugins\/si-contact-form\/captcha\/securimage_show.php?prefix='); return false;\">\n        <img src=\"http:\/\/ferienhaus-aulendorf.info\/wp-content\/plugins\/si-contact-form\/captcha\/images\/refresh.png\" width=\"22\" height=\"20\" alt=\"Refresh\" style=\"border-style:none; margin:0; padding:0px; vertical-align:bottom;\" onclick=\"this.blur();\" \/><\/a>\r\n     <\/div>\r\n<\/div>\r\n\r\n<div id=\"fscf_captcha_field1\" style=\"text-align:left; padding-top:5px;\">\r\n     <label style=\"text-align:left;\" for=\"fscf_captcha_code1\">CAPTCHA Code:<span style=\"text-align:left;\">*<\/span><\/label>\r\n<\/div>\r\n<div style=\"text-align:left;\">\n     <input style=\"text-align:left; margin:0; width:50px;\" type=\"text\" value=\"\" autocomplete=\"off\" id=\"fscf_captcha_code1\" name=\"captcha_code\"  \/>\n<\/div>\n\n<div id=\"fscf_submit_div1\" style=\"text-align:left; clear:both; padding-top:15px;\">\r\n\t\t<input type=\"submit\" id=\"fscf_submit1\" style=\"cursor:pointer; margin:0;\" value=\"senden\"  onclick=\"this.disabled=true; this.value='Submitting...'; this.form.submit();\" \/> \n<\/div>\n\n<input type=\"hidden\" name=\"fscf_submitted\" value=\"0\" \/>\n<input type=\"hidden\" name=\"fs_postonce_1\" value=\"0b433fa0b7485a7c68178c87407b8676,1777798382\" \/>\n<input type=\"hidden\" name=\"si_contact_action\" value=\"send\" \/>\n<input type=\"hidden\" name=\"form_id\" value=\"1\" \/>\n<input type=\"hidden\" name=\"mailto_id\" value=\"1\" \/>\n\n<\/form>\n<\/div>\r\n<div style=\"clear:both;\"><\/div>\n\n<!-- Fast Secure Contact Form plugin 4.0.49 - end - FastSecureContactForm.com -->\n\n<p>&nbsp;<\/p>\n","protected":false},"excerpt":{"rendered":"<p>&nbsp; Im folgenden Kalender k\u00f6nnen Sie pr\u00fcfen, ob Ihr Wunschtermin noch verf\u00fcgbar ist. Oder Sie rufen uns einfach an unter 07525\/ 8405 oder 0171\/3143548. Ist Ihr Wunschtermin noch verf\u00fcgbar? Teilen Sie uns diesen einfach mithilfe des folgenden Kontaktformulars mit und wir werden Ihnen diesen schnellstm\u00f6glich best\u00e4tigen. Gerne k\u00f6nnen Sie uns auch telefonisch erreichen unter 07525\/8405 <a class=\"more-link\" href=\"http:\/\/ferienhaus-aulendorf.info\/index.php\/kontakt\/\">Weiterlesen&#8230;<\/a><\/p>\n","protected":false},"author":1,"featured_media":0,"parent":0,"menu_order":0,"comment_status":"open","ping_status":"open","template":"","meta":[],"_links":{"self":[{"href":"http:\/\/ferienhaus-aulendorf.info\/index.php\/wp-json\/wp\/v2\/pages\/13"}],"collection":[{"href":"http:\/\/ferienhaus-aulendorf.info\/index.php\/wp-json\/wp\/v2\/pages"}],"about":[{"href":"http:\/\/ferienhaus-aulendorf.info\/index.php\/wp-json\/wp\/v2\/types\/page"}],"author":[{"embeddable":true,"href":"http:\/\/ferienhaus-aulendorf.info\/index.php\/wp-json\/wp\/v2\/users\/1"}],"replies":[{"embeddable":true,"href":"http:\/\/ferienhaus-aulendorf.info\/index.php\/wp-json\/wp\/v2\/comments?post=13"}],"version-history":[{"count":23,"href":"http:\/\/ferienhaus-aulendorf.info\/index.php\/wp-json\/wp\/v2\/pages\/13\/revisions"}],"predecessor-version":[{"id":206,"href":"http:\/\/ferienhaus-aulendorf.info\/index.php\/wp-json\/wp\/v2\/pages\/13\/revisions\/206"}],"wp:attachment":[{"href":"http:\/\/ferienhaus-aulendorf.info\/index.php\/wp-json\/wp\/v2\/media?parent=13"}],"curies":[{"name":"wp","href":"https:\/\/api.w.org\/{rel}","templated":true}]}}