{"id":168,"date":"2015-10-03T13:21:51","date_gmt":"2015-10-03T11:21:51","guid":{"rendered":"http:\/\/ferienhaus-aulendorf.info\/?page_id=168"},"modified":"2015-10-06T18:39:59","modified_gmt":"2015-10-06T16:39:59","slug":"impressum","status":"publish","type":"page","link":"http:\/\/ferienhaus-aulendorf.info\/index.php\/impressum\/","title":{"rendered":"Impressum"},"content":{"rendered":"<p class=\"Schrift\" align=\"left\">Haftungsausschluss<\/p>\n<p class=\"Schrift\">Eine Haftung f\u00fcr die Richtigkeit der Ver\u00f6ffentlichungen und Links kann nicht \u00fcbernommen werden. Thomas Beck\u00a0ist nicht verantwortlich f\u00fcr die Inhalte externer Internetseiten<\/p>\n<p class=\"Schrift\">Kontaktadresse<\/p>\n<p>Heidi Neher und Thomas Beck<\/p>\n<p>Im Geiger 3<\/p>\n<p>88326 Aulendorf<\/p>\n<p>Verantwortlicher:\u00a0Thomas Beck<\/p>\n<p><strong>07525\/ 8405 oder 0171\/3143548<\/strong><\/p>\n","protected":false},"excerpt":{"rendered":"<p>Haftungsausschluss Eine Haftung f\u00fcr die Richtigkeit der Ver\u00f6ffentlichungen und Links kann nicht \u00fcbernommen werden. Thomas Beck\u00a0ist nicht verantwortlich f\u00fcr die Inhalte externer Internetseiten Kontaktadresse Heidi Neher und Thomas Beck Im Geiger 3 88326 Aulendorf Verantwortlicher:\u00a0Thomas Beck 07525\/ 8405 oder 0171\/3143548<\/p>\n","protected":false},"author":1,"featured_media":0,"parent":0,"menu_order":0,"comment_status":"closed","ping_status":"closed","template":"","meta":[],"_links":{"self":[{"href":"http:\/\/ferienhaus-aulendorf.info\/index.php\/wp-json\/wp\/v2\/pages\/168"}],"collection":[{"href":"http:\/\/ferienhaus-aulendorf.info\/index.php\/wp-json\/wp\/v2\/pages"}],"about":[{"href":"http:\/\/ferienhaus-aulendorf.info\/index.php\/wp-json\/wp\/v2\/types\/page"}],"author":[{"embeddable":true,"href":"http:\/\/ferienhaus-aulendorf.info\/index.php\/wp-json\/wp\/v2\/users\/1"}],"replies":[{"embeddable":true,"href":"http:\/\/ferienhaus-aulendorf.info\/index.php\/wp-json\/wp\/v2\/comments?post=168"}],"version-history":[{"count":4,"href":"http:\/\/ferienhaus-aulendorf.info\/index.php\/wp-json\/wp\/v2\/pages\/168\/revisions"}],"predecessor-version":[{"id":202,"href":"http:\/\/ferienhaus-aulendorf.info\/index.php\/wp-json\/wp\/v2\/pages\/168\/revisions\/202"}],"wp:attachment":[{"href":"http:\/\/ferienhaus-aulendorf.info\/index.php\/wp-json\/wp\/v2\/media?parent=168"}],"curies":[{"name":"wp","href":"https:\/\/api.w.org\/{rel}","templated":true}]}}