{"id":76,"date":"2015-07-17T18:02:48","date_gmt":"2015-07-17T16:02:48","guid":{"rendered":"http:\/\/ferienhaus-aulendorf.info\/?page_id=76"},"modified":"2016-04-19T12:03:03","modified_gmt":"2016-04-19T10:03:03","slug":"anfahrt","status":"publish","type":"page","link":"http:\/\/ferienhaus-aulendorf.info\/index.php\/anfahrt\/","title":{"rendered":"Anreise"},"content":{"rendered":"<p>Adresse:<\/p>\n<p>Geiger 3<br \/>\n88326 Aulendorf<\/p>\n<p><strong>Tel.:<\/strong> <strong>07525\/ 8405 oder 0171\/3143548<\/strong><\/p>\n<p><iframe loading=\"lazy\" style=\"border: 0px currentColor;\" src=\"https:\/\/www.google.com\/maps\/embed?pb=!1m21!1m12!1m3!1d1884.4016817401646!2d9.644133374650911!3d47.91544468159308!2m3!1f0!2f0!3f0!3m2!1i1024!2i768!4f13.1!4m6!3e0!4m3!3m2!1d47.915980499999996!2d9.644701!4m0!5e1!3m2!1sde!2sde!4v1437157634209\" width=\"600\" height=\"450\" frameborder=\"0\" allowfullscreen=\"allowfullscreen\"><\/iframe><\/p>\n<p>Sofern Sie mit dem Zug anreisen m\u00f6chten, k\u00f6nnen Sie dies gerne \u00fcber den Bahnhof in Aulendorf tun. Sollte es uns m\u00f6glich sein\u00a0 holen Sie mit dem PKW von dort ob oder organisieren ein Taxi auf Wunsch. Bitte dies telefonisch mit uns vereinbaren.<\/p>\n<p>Mietwagen Service : \u00dcber unser Autohaus k\u00f6nnen Sie sofern verf\u00fcgbar auch einen Mietwagen buchen.<\/p>\n","protected":false},"excerpt":{"rendered":"<p>Adresse: Geiger 3 88326 Aulendorf Tel.: 07525\/ 8405 oder 0171\/3143548 Sofern Sie mit dem Zug anreisen m\u00f6chten, k\u00f6nnen Sie dies gerne \u00fcber den Bahnhof in Aulendorf tun. Sollte es uns m\u00f6glich sein\u00a0 holen Sie mit dem PKW von dort ob oder organisieren ein Taxi auf Wunsch. Bitte dies telefonisch mit uns vereinbaren. Mietwagen Service : <a class=\"more-link\" href=\"http:\/\/ferienhaus-aulendorf.info\/index.php\/anfahrt\/\">Weiterlesen&#8230;<\/a><\/p>\n","protected":false},"author":1,"featured_media":0,"parent":0,"menu_order":0,"comment_status":"open","ping_status":"open","template":"","meta":[],"_links":{"self":[{"href":"http:\/\/ferienhaus-aulendorf.info\/index.php\/wp-json\/wp\/v2\/pages\/76"}],"collection":[{"href":"http:\/\/ferienhaus-aulendorf.info\/index.php\/wp-json\/wp\/v2\/pages"}],"about":[{"href":"http:\/\/ferienhaus-aulendorf.info\/index.php\/wp-json\/wp\/v2\/types\/page"}],"author":[{"embeddable":true,"href":"http:\/\/ferienhaus-aulendorf.info\/index.php\/wp-json\/wp\/v2\/users\/1"}],"replies":[{"embeddable":true,"href":"http:\/\/ferienhaus-aulendorf.info\/index.php\/wp-json\/wp\/v2\/comments?post=76"}],"version-history":[{"count":12,"href":"http:\/\/ferienhaus-aulendorf.info\/index.php\/wp-json\/wp\/v2\/pages\/76\/revisions"}],"predecessor-version":[{"id":238,"href":"http:\/\/ferienhaus-aulendorf.info\/index.php\/wp-json\/wp\/v2\/pages\/76\/revisions\/238"}],"wp:attachment":[{"href":"http:\/\/ferienhaus-aulendorf.info\/index.php\/wp-json\/wp\/v2\/media?parent=76"}],"curies":[{"name":"wp","href":"https:\/\/api.w.org\/{rel}","templated":true}]}}